{"id":549,"date":"2019-02-25T07:02:51","date_gmt":"2019-02-25T07:02:51","guid":{"rendered":"https:\/\/bestattungen-demo.h13473.web129.dogado.net\/?page_id=549"},"modified":"2020-04-08T09:48:37","modified_gmt":"2020-04-08T09:48:37","slug":"impressum","status":"publish","type":"page","link":"https:\/\/bestattungen-pietsch.de\/index.php\/impressum\/","title":{"rendered":"Impressum"},"content":{"rendered":"\t\t<div data-elementor-type=\"wp-post\" data-elementor-id=\"549\" class=\"elementor elementor-549\">\n\t\t\t\t\t\t<section class=\"elementor-section elementor-top-section elementor-element elementor-element-70ca1a7 elementor-section-full_width elementor-section-height-min-height elementor-section-height-default elementor-section-items-middle\" data-id=\"70ca1a7\" data-element_type=\"section\" data-settings=\"{&quot;background_background&quot;:&quot;classic&quot;}\">\n\t\t\t\t\t\t<div class=\"elementor-container elementor-column-gap-default\">\n\t\t\t\t\t<div class=\"elementor-column elementor-col-100 elementor-top-column elementor-element elementor-element-f23b5c6\" data-id=\"f23b5c6\" data-element_type=\"column\">\n\t\t\t<div class=\"elementor-widget-wrap elementor-element-populated\">\n\t\t\t\t\t\t<div class=\"elementor-element elementor-element-649c4fc animated-slow elementor-invisible elementor-widget elementor-widget-heading\" data-id=\"649c4fc\" data-element_type=\"widget\" data-settings=\"{&quot;_animation&quot;:&quot;fadeIn&quot;}\" data-widget_type=\"heading.default\">\n\t\t\t\t<div class=\"elementor-widget-container\">\n\t\t\t\t\t<h2 class=\"elementor-heading-title elementor-size-default\">Impressum<\/h2>\t\t\t\t<\/div>\n\t\t\t\t<\/div>\n\t\t\t\t\t<\/div>\n\t\t<\/div>\n\t\t\t\t\t<\/div>\n\t\t<\/section>\n\t\t\t\t<section class=\"elementor-section elementor-top-section elementor-element elementor-element-26460021 elementor-section-boxed elementor-section-height-default elementor-section-height-default\" data-id=\"26460021\" data-element_type=\"section\">\n\t\t\t\t\t\t<div class=\"elementor-container elementor-column-gap-default\">\n\t\t\t\t\t<div class=\"elementor-column elementor-col-100 elementor-top-column elementor-element elementor-element-7afc38c1\" data-id=\"7afc38c1\" data-element_type=\"column\">\n\t\t\t<div class=\"elementor-widget-wrap elementor-element-populated\">\n\t\t\t\t\t\t<div class=\"elementor-element elementor-element-16daea2c elementor-widget elementor-widget-text-editor\" data-id=\"16daea2c\" data-element_type=\"widget\" data-widget_type=\"text-editor.default\">\n\t\t\t\t<div class=\"elementor-widget-container\">\n\t\t\t\t\t\t\t\t\t<p><\/p>\n<p><b>Bestattungen Heidrun Pietsch GmbH<\/b><br>Alwine-Wuthenow-Ring 11a<br>17498 Neuenkirchen<\/p>\n<p>Telefon: 0 38 34 \/ 89 96 14<br>Telefax: 0 38 34 \/ 89 49 15<br>E-Mail:&nbsp;<a title=\"Opens window for sending email\">info@bestattungen-pietsch.de<\/a><\/p>\n<p>Vertretungsberechtigter Gesch\u00e4ftsf\u00fchrer: Henry Harten<\/p>\n<p>Registergericht: Amtsgericht Stralsund; Sitz: Neuenkirchen<br>Registernummer: HR B 7020<\/p>\n<p>Umsatzsteuer-Identifikationsnummer gem\u00e4\u00df \u00a7 27 a Umsatzsteuergesetz:<br>084\/106\/03803<\/p>\n<p>Inhaltlich Verantwortlicher gem\u00e4\u00df \u00a7 55 Absatz 2 MDStV: Holger Wilken (Anschrift wie oben)<\/p>\n<p><b>Copyright<\/b><br>Inhalt und Struktur der Websites sind urheberrechtlich gesch\u00fctzt. Die Vervielf\u00e4ltigung von Informationen oder Daten, insbesondere die Verwendung von Texten, Textteilen oder Bildmaterial bedarf der vorherigen Zustimmung.<\/p>\n<p><b>Haftungshinweis<br><\/b>Alle in unseren Internetseiten enthaltenen Angaben und Informationen sind sorgf\u00e4ltig recherchiert und gepr\u00fcft und werden st\u00e4ndig aktualisiert. Eine Haftung oder Garantie f\u00fcr die Richtigkeit, Vollst\u00e4ndigkeit und Aktualit\u00e4t der zur Verf\u00fcgung gestellten Informationen kann jedoch nicht \u00fcbernommen werden. Gleiches gilt auch f\u00fcr alle anderen Websites, auf die mittels Hyperlink verwiesen wird. F\u00fcr den Inhalt der Websites, die auf diese Weise erreicht werden, sind wir nicht verantwortlich. Alle Rechte vorbehalten.<\/p>\n<p><b>Quelle:<\/b><br><a href=\"https:\/\/www.e-recht24.de\/\" target=\"_blank\">e-recht24<\/a><br><\/p>\t\t\t\t\t\t\t\t<\/div>\n\t\t\t\t<\/div>\n\t\t\t\t\t<\/div>\n\t\t<\/div>\n\t\t\t\t\t<\/div>\n\t\t<\/section>\n\t\t\t\t<\/div>\n\t\t","protected":false},"excerpt":{"rendered":"<p>Impressum Bestattungen Heidrun Pietsch GmbHAlwine-Wuthenow-Ring 11a17498 Neuenkirchen Telefon: 0 38 34 \/ 89 96 14Telefax: 0 38 34 \/ 89 49 15E-Mail:&nbsp;info@bestattungen-pietsch.de Vertretungsberechtigter Gesch\u00e4ftsf\u00fchrer: Henry Harten Registergericht: Amtsgericht Stralsund; Sitz: NeuenkirchenRegisternummer: HR B 7020 Umsatzsteuer-Identifikationsnummer gem\u00e4\u00df \u00a7 27 a Umsatzsteuergesetz:084\/106\/03803 Inhaltlich Verantwortlicher gem\u00e4\u00df \u00a7 55 Absatz 2 MDStV: Holger Wilken (Anschrift wie oben) CopyrightInhalt und [&hellip;]<\/p>\n","protected":false},"author":1,"featured_media":0,"parent":0,"menu_order":0,"comment_status":"closed","ping_status":"closed","template":"","meta":{"site-sidebar-layout":"no-sidebar","site-content-layout":"page-builder","ast-site-content-layout":"","site-content-style":"default","site-sidebar-style":"default","ast-global-header-display":"","ast-banner-title-visibility":"","ast-main-header-display":"","ast-hfb-above-header-display":"","ast-hfb-below-header-display":"","ast-hfb-mobile-header-display":"","site-post-title":"disabled","ast-breadcrumbs-content":"","ast-featured-img":"disabled","footer-sml-layout":"","theme-transparent-header-meta":"default","adv-header-id-meta":"","stick-header-meta":"","header-above-stick-meta":"","header-main-stick-meta":"","header-below-stick-meta":"","astra-migrate-meta-layouts":"default","ast-page-background-enabled":"default","ast-page-background-meta":{"desktop":{"background-color":"","background-image":"","background-repeat":"repeat","background-position":"center center","background-size":"auto","background-attachment":"scroll","background-type":"","background-media":"","overlay-type":"","overlay-color":"","overlay-opacity":"","overlay-gradient":""},"tablet":{"background-color":"","background-image":"","background-repeat":"repeat","background-position":"center center","background-size":"auto","background-attachment":"scroll","background-type":"","background-media":"","overlay-type":"","overlay-color":"","overlay-opacity":"","overlay-gradient":""},"mobile":{"background-color":"","background-image":"","background-repeat":"repeat","background-position":"center center","background-size":"auto","background-attachment":"scroll","background-type":"","background-media":"","overlay-type":"","overlay-color":"","overlay-opacity":"","overlay-gradient":""}},"ast-content-background-meta":{"desktop":{"background-color":"var(--ast-global-color-5)","background-image":"","background-repeat":"repeat","background-position":"center center","background-size":"auto","background-attachment":"scroll","background-type":"","background-media":"","overlay-type":"","overlay-color":"","overlay-opacity":"","overlay-gradient":""},"tablet":{"background-color":"var(--ast-global-color-5)","background-image":"","background-repeat":"repeat","background-position":"center center","background-size":"auto","background-attachment":"scroll","background-type":"","background-media":"","overlay-type":"","overlay-color":"","overlay-opacity":"","overlay-gradient":""},"mobile":{"background-color":"var(--ast-global-color-5)","background-image":"","background-repeat":"repeat","background-position":"center center","background-size":"auto","background-attachment":"scroll","background-type":"","background-media":"","overlay-type":"","overlay-color":"","overlay-opacity":"","overlay-gradient":""}},"footnotes":""},"class_list":["post-549","page","type-page","status-publish","hentry"],"yoast_head":"<!-- This site is optimized with the Yoast SEO plugin v25.4 - https:\/\/yoast.com\/wordpress\/plugins\/seo\/ -->\n<title>Impressum - Bestattungen Heidrun Pietsch GmbH<\/title>\n<meta name=\"robots\" content=\"index, follow, max-snippet:-1, max-image-preview:large, max-video-preview:-1\" \/>\n<link rel=\"canonical\" href=\"https:\/\/bestattungen-pietsch.de\/index.php\/impressum\/\" \/>\n<meta property=\"og:locale\" content=\"de_DE\" \/>\n<meta property=\"og:type\" content=\"article\" \/>\n<meta property=\"og:title\" content=\"Impressum - Bestattungen Heidrun Pietsch GmbH\" \/>\n<meta property=\"og:description\" content=\"Impressum Bestattungen Heidrun Pietsch GmbHAlwine-Wuthenow-Ring 11a17498 Neuenkirchen Telefon: 0 38 34 \/ 89 96 14Telefax: 0 38 34 \/ 89 49 15E-Mail:&nbsp;info@bestattungen-pietsch.de Vertretungsberechtigter Gesch\u00e4ftsf\u00fchrer: Henry Harten Registergericht: Amtsgericht Stralsund; Sitz: NeuenkirchenRegisternummer: HR B 7020 Umsatzsteuer-Identifikationsnummer gem\u00e4\u00df \u00a7 27 a Umsatzsteuergesetz:084\/106\/03803 Inhaltlich Verantwortlicher gem\u00e4\u00df \u00a7 55 Absatz 2 MDStV: Holger Wilken (Anschrift wie oben) CopyrightInhalt und [&hellip;]\" \/>\n<meta property=\"og:url\" content=\"https:\/\/bestattungen-pietsch.de\/index.php\/impressum\/\" \/>\n<meta property=\"og:site_name\" content=\"Bestattungen Heidrun Pietsch GmbH\" \/>\n<meta property=\"article:modified_time\" content=\"2020-04-08T09:48:37+00:00\" \/>\n<meta name=\"twitter:card\" content=\"summary_large_image\" \/>\n<meta name=\"twitter:label1\" content=\"Gesch\u00e4tzte Lesezeit\" \/>\n\t<meta name=\"twitter:data1\" content=\"1\u00a0Minute\" \/>\n<script type=\"application\/ld+json\" class=\"yoast-schema-graph\">{\"@context\":\"https:\/\/schema.org\",\"@graph\":[{\"@type\":\"WebPage\",\"@id\":\"https:\/\/bestattungen-pietsch.de\/index.php\/impressum\/\",\"url\":\"https:\/\/bestattungen-pietsch.de\/index.php\/impressum\/\",\"name\":\"Impressum - Bestattungen Heidrun Pietsch GmbH\",\"isPartOf\":{\"@id\":\"https:\/\/bestattungen-pietsch.de\/#website\"},\"datePublished\":\"2019-02-25T07:02:51+00:00\",\"dateModified\":\"2020-04-08T09:48:37+00:00\",\"breadcrumb\":{\"@id\":\"https:\/\/bestattungen-pietsch.de\/index.php\/impressum\/#breadcrumb\"},\"inLanguage\":\"de\",\"potentialAction\":[{\"@type\":\"ReadAction\",\"target\":[\"https:\/\/bestattungen-pietsch.de\/index.php\/impressum\/\"]}]},{\"@type\":\"BreadcrumbList\",\"@id\":\"https:\/\/bestattungen-pietsch.de\/index.php\/impressum\/#breadcrumb\",\"itemListElement\":[{\"@type\":\"ListItem\",\"position\":1,\"name\":\"Startseite\",\"item\":\"https:\/\/bestattungen-pietsch.de\/\"},{\"@type\":\"ListItem\",\"position\":2,\"name\":\"Impressum\"}]},{\"@type\":\"WebSite\",\"@id\":\"https:\/\/bestattungen-pietsch.de\/#website\",\"url\":\"https:\/\/bestattungen-pietsch.de\/\",\"name\":\"Bestattungen Pietsch\",\"description\":\"Ihr professionelles Bestattungshaus in Neuenkirchen, Greifswald und Umgebung\",\"publisher\":{\"@id\":\"https:\/\/bestattungen-pietsch.de\/#organization\"},\"potentialAction\":[{\"@type\":\"SearchAction\",\"target\":{\"@type\":\"EntryPoint\",\"urlTemplate\":\"https:\/\/bestattungen-pietsch.de\/?s={search_term_string}\"},\"query-input\":{\"@type\":\"PropertyValueSpecification\",\"valueRequired\":true,\"valueName\":\"search_term_string\"}}],\"inLanguage\":\"de\"},{\"@type\":\"Organization\",\"@id\":\"https:\/\/bestattungen-pietsch.de\/#organization\",\"name\":\"Bestattungen Heidrun Pietsch GmbH\",\"url\":\"https:\/\/bestattungen-pietsch.de\/\",\"logo\":{\"@type\":\"ImageObject\",\"inLanguage\":\"de\",\"@id\":\"https:\/\/bestattungen-pietsch.de\/#\/schema\/logo\/image\/\",\"url\":\"https:\/\/bestattungen-pietsch.de\/wp-content\/uploads\/2019\/04\/logo_nebeneinander.png\",\"contentUrl\":\"https:\/\/bestattungen-pietsch.de\/wp-content\/uploads\/2019\/04\/logo_nebeneinander.png\",\"width\":2126,\"height\":657,\"caption\":\"Bestattungen Heidrun Pietsch GmbH\"},\"image\":{\"@id\":\"https:\/\/bestattungen-pietsch.de\/#\/schema\/logo\/image\/\"}}]}<\/script>\n<!-- \/ Yoast SEO plugin. -->","yoast_head_json":{"title":"Impressum - Bestattungen Heidrun Pietsch GmbH","robots":{"index":"index","follow":"follow","max-snippet":"max-snippet:-1","max-image-preview":"max-image-preview:large","max-video-preview":"max-video-preview:-1"},"canonical":"https:\/\/bestattungen-pietsch.de\/index.php\/impressum\/","og_locale":"de_DE","og_type":"article","og_title":"Impressum - Bestattungen Heidrun Pietsch GmbH","og_description":"Impressum Bestattungen Heidrun Pietsch GmbHAlwine-Wuthenow-Ring 11a17498 Neuenkirchen Telefon: 0 38 34 \/ 89 96 14Telefax: 0 38 34 \/ 89 49 15E-Mail:&nbsp;info@bestattungen-pietsch.de Vertretungsberechtigter Gesch\u00e4ftsf\u00fchrer: Henry Harten Registergericht: Amtsgericht Stralsund; Sitz: NeuenkirchenRegisternummer: HR B 7020 Umsatzsteuer-Identifikationsnummer gem\u00e4\u00df \u00a7 27 a Umsatzsteuergesetz:084\/106\/03803 Inhaltlich Verantwortlicher gem\u00e4\u00df \u00a7 55 Absatz 2 MDStV: Holger Wilken (Anschrift wie oben) CopyrightInhalt und [&hellip;]","og_url":"https:\/\/bestattungen-pietsch.de\/index.php\/impressum\/","og_site_name":"Bestattungen Heidrun Pietsch GmbH","article_modified_time":"2020-04-08T09:48:37+00:00","twitter_card":"summary_large_image","twitter_misc":{"Gesch\u00e4tzte Lesezeit":"1\u00a0Minute"},"schema":{"@context":"https:\/\/schema.org","@graph":[{"@type":"WebPage","@id":"https:\/\/bestattungen-pietsch.de\/index.php\/impressum\/","url":"https:\/\/bestattungen-pietsch.de\/index.php\/impressum\/","name":"Impressum - Bestattungen Heidrun Pietsch GmbH","isPartOf":{"@id":"https:\/\/bestattungen-pietsch.de\/#website"},"datePublished":"2019-02-25T07:02:51+00:00","dateModified":"2020-04-08T09:48:37+00:00","breadcrumb":{"@id":"https:\/\/bestattungen-pietsch.de\/index.php\/impressum\/#breadcrumb"},"inLanguage":"de","potentialAction":[{"@type":"ReadAction","target":["https:\/\/bestattungen-pietsch.de\/index.php\/impressum\/"]}]},{"@type":"BreadcrumbList","@id":"https:\/\/bestattungen-pietsch.de\/index.php\/impressum\/#breadcrumb","itemListElement":[{"@type":"ListItem","position":1,"name":"Startseite","item":"https:\/\/bestattungen-pietsch.de\/"},{"@type":"ListItem","position":2,"name":"Impressum"}]},{"@type":"WebSite","@id":"https:\/\/bestattungen-pietsch.de\/#website","url":"https:\/\/bestattungen-pietsch.de\/","name":"Bestattungen Pietsch","description":"Ihr professionelles Bestattungshaus in Neuenkirchen, Greifswald und Umgebung","publisher":{"@id":"https:\/\/bestattungen-pietsch.de\/#organization"},"potentialAction":[{"@type":"SearchAction","target":{"@type":"EntryPoint","urlTemplate":"https:\/\/bestattungen-pietsch.de\/?s={search_term_string}"},"query-input":{"@type":"PropertyValueSpecification","valueRequired":true,"valueName":"search_term_string"}}],"inLanguage":"de"},{"@type":"Organization","@id":"https:\/\/bestattungen-pietsch.de\/#organization","name":"Bestattungen Heidrun Pietsch GmbH","url":"https:\/\/bestattungen-pietsch.de\/","logo":{"@type":"ImageObject","inLanguage":"de","@id":"https:\/\/bestattungen-pietsch.de\/#\/schema\/logo\/image\/","url":"https:\/\/bestattungen-pietsch.de\/wp-content\/uploads\/2019\/04\/logo_nebeneinander.png","contentUrl":"https:\/\/bestattungen-pietsch.de\/wp-content\/uploads\/2019\/04\/logo_nebeneinander.png","width":2126,"height":657,"caption":"Bestattungen Heidrun Pietsch GmbH"},"image":{"@id":"https:\/\/bestattungen-pietsch.de\/#\/schema\/logo\/image\/"}}]}},"_links":{"self":[{"href":"https:\/\/bestattungen-pietsch.de\/index.php\/wp-json\/wp\/v2\/pages\/549"}],"collection":[{"href":"https:\/\/bestattungen-pietsch.de\/index.php\/wp-json\/wp\/v2\/pages"}],"about":[{"href":"https:\/\/bestattungen-pietsch.de\/index.php\/wp-json\/wp\/v2\/types\/page"}],"author":[{"embeddable":true,"href":"https:\/\/bestattungen-pietsch.de\/index.php\/wp-json\/wp\/v2\/users\/1"}],"replies":[{"embeddable":true,"href":"https:\/\/bestattungen-pietsch.de\/index.php\/wp-json\/wp\/v2\/comments?post=549"}],"version-history":[{"count":6,"href":"https:\/\/bestattungen-pietsch.de\/index.php\/wp-json\/wp\/v2\/pages\/549\/revisions"}],"predecessor-version":[{"id":1244,"href":"https:\/\/bestattungen-pietsch.de\/index.php\/wp-json\/wp\/v2\/pages\/549\/revisions\/1244"}],"wp:attachment":[{"href":"https:\/\/bestattungen-pietsch.de\/index.php\/wp-json\/wp\/v2\/media?parent=549"}],"curies":[{"name":"wp","href":"https:\/\/api.w.org\/{rel}","templated":true}]}}